{"id":212,"date":"2019-07-05T19:08:40","date_gmt":"2019-07-05T19:08:40","guid":{"rendered":"https:\/\/silliconkidy.com\/?page_id=212"},"modified":"2019-07-13T10:33:47","modified_gmt":"2019-07-13T10:33:47","slug":"confirmation-de-demande","status":"publish","type":"page","link":"https:\/\/www.hilmandesign.com\/siliconkidys\/confirmation-de-demande\/","title":{"rendered":"Confirmation de demande"},"content":{"rendered":"\t\t<div data-elementor-type=\"wp-post\" data-elementor-id=\"212\" class=\"elementor elementor-212\" data-elementor-post-type=\"page\">\n\t\t\t\t\t\t<section class=\"elementor-section elementor-top-section elementor-element elementor-element-4ddba33e elementor-section-content-middle elementor-section-boxed elementor-section-height-default elementor-section-height-default\" data-id=\"4ddba33e\" data-element_type=\"section\" data-settings=\"{&quot;background_background&quot;:&quot;classic&quot;}\">\n\t\t\t\t\t\t<div class=\"elementor-container elementor-column-gap-default\">\n\t\t\t\t\t<div class=\"elementor-column elementor-col-100 elementor-top-column elementor-element elementor-element-1ed73f9c\" data-id=\"1ed73f9c\" data-element_type=\"column\">\n\t\t\t<div class=\"elementor-widget-wrap elementor-element-populated\">\n\t\t\t\t\t\t<div class=\"elementor-element elementor-element-702e0cf3 elementor-widget elementor-widget-spacer\" data-id=\"702e0cf3\" data-element_type=\"widget\" data-widget_type=\"spacer.default\">\n\t\t\t\t<div class=\"elementor-widget-container\">\n\t\t\t\t\t\t\t<div class=\"elementor-spacer\">\n\t\t\t<div class=\"elementor-spacer-inner\"><\/div>\n\t\t<\/div>\n\t\t\t\t\t\t<\/div>\n\t\t\t\t<\/div>\n\t\t\t\t<div class=\"elementor-element elementor-element-70734f2a elementor-widget elementor-widget-image\" data-id=\"70734f2a\" data-element_type=\"widget\" data-widget_type=\"image.default\">\n\t\t\t\t<div class=\"elementor-widget-container\">\n\t\t\t\t\t\t\t\t\t\t\t\t\t\t\t<img fetchpriority=\"high\" decoding=\"async\" width=\"427\" height=\"599\" src=\"https:\/\/www.hilmandesign.com\/siliconkidys\/wp-content\/uploads\/2019\/07\/path@3x-white.png\" class=\"attachment-large size-large wp-image-237\" alt=\"\" srcset=\"https:\/\/www.hilmandesign.com\/siliconkidys\/wp-content\/uploads\/2019\/07\/path@3x-white.png 427w, https:\/\/www.hilmandesign.com\/siliconkidys\/wp-content\/uploads\/2019\/07\/path@3x-white-214x300.png 214w\" sizes=\"(max-width: 427px) 100vw, 427px\" \/>\t\t\t\t\t\t\t\t\t\t\t\t\t\t\t<\/div>\n\t\t\t\t<\/div>\n\t\t\t\t<div class=\"elementor-element elementor-element-d58631b elementor-hidden-phone elementor-widget elementor-widget-spacer\" data-id=\"d58631b\" data-element_type=\"widget\" data-widget_type=\"spacer.default\">\n\t\t\t\t<div class=\"elementor-widget-container\">\n\t\t\t\t\t\t\t<div class=\"elementor-spacer\">\n\t\t\t<div class=\"elementor-spacer-inner\"><\/div>\n\t\t<\/div>\n\t\t\t\t\t\t<\/div>\n\t\t\t\t<\/div>\n\t\t\t\t<div class=\"elementor-element elementor-element-c854aa6 elementor-widget elementor-widget-heading\" data-id=\"c854aa6\" data-element_type=\"widget\" data-widget_type=\"heading.default\">\n\t\t\t\t<div class=\"elementor-widget-container\">\n\t\t\t\t\t<h3 class=\"elementor-heading-title elementor-size-default\">Je veux que mon enfant de 9 \u00e0 17 ans devienne ind\u00e9pendant \u00e0 temps pour qu'il puisse \u00eatre financi\u00e8rement libre lorsque je serai \u00e0 la retraite.<\/h3>\t\t\t\t<\/div>\n\t\t\t\t<\/div>\n\t\t\t\t<div class=\"elementor-element elementor-element-21ca819d elementor-widget elementor-widget-spacer\" data-id=\"21ca819d\" data-element_type=\"widget\" data-widget_type=\"spacer.default\">\n\t\t\t\t<div class=\"elementor-widget-container\">\n\t\t\t\t\t\t\t<div class=\"elementor-spacer\">\n\t\t\t<div class=\"elementor-spacer-inner\"><\/div>\n\t\t<\/div>\n\t\t\t\t\t\t<\/div>\n\t\t\t\t<\/div>\n\t\t\t\t\t<\/div>\n\t\t<\/div>\n\t\t\t\t\t<\/div>\n\t\t<\/section>\n\t\t\t\t<section class=\"elementor-section elementor-top-section elementor-element elementor-element-7ef7d1a9 elementor-section-boxed elementor-section-height-default elementor-section-height-default\" data-id=\"7ef7d1a9\" data-element_type=\"section\" data-settings=\"{&quot;background_background&quot;:&quot;classic&quot;}\">\n\t\t\t\t\t\t<div class=\"elementor-container elementor-column-gap-default\">\n\t\t\t\t\t<div class=\"elementor-column elementor-col-100 elementor-top-column elementor-element elementor-element-b8b8e35\" data-id=\"b8b8e35\" data-element_type=\"column\">\n\t\t\t<div class=\"elementor-widget-wrap elementor-element-populated\">\n\t\t\t\t\t\t<div class=\"elementor-element elementor-element-5d3cfaba elementor-widget elementor-widget-spacer\" data-id=\"5d3cfaba\" data-element_type=\"widget\" data-widget_type=\"spacer.default\">\n\t\t\t\t<div class=\"elementor-widget-container\">\n\t\t\t\t\t\t\t<div class=\"elementor-spacer\">\n\t\t\t<div class=\"elementor-spacer-inner\"><\/div>\n\t\t<\/div>\n\t\t\t\t\t\t<\/div>\n\t\t\t\t<\/div>\n\t\t\t\t<div class=\"elementor-element elementor-element-58cec151 elementor-widget elementor-widget-heading\" data-id=\"58cec151\" data-element_type=\"widget\" data-widget_type=\"heading.default\">\n\t\t\t\t<div class=\"elementor-widget-container\">\n\t\t\t\t\t<h3 class=\"elementor-heading-title elementor-size-default\">Qu'allez-vous faire ensuite?<\/h3>\t\t\t\t<\/div>\n\t\t\t\t<\/div>\n\t\t\t\t<div class=\"elementor-element elementor-element-146983b2 elementor-widget elementor-widget-spacer\" data-id=\"146983b2\" data-element_type=\"widget\" data-widget_type=\"spacer.default\">\n\t\t\t\t<div class=\"elementor-widget-container\">\n\t\t\t\t\t\t\t<div class=\"elementor-spacer\">\n\t\t\t<div class=\"elementor-spacer-inner\"><\/div>\n\t\t<\/div>\n\t\t\t\t\t\t<\/div>\n\t\t\t\t<\/div>\n\t\t\t\t<div class=\"elementor-element elementor-element-37da91fb elementor-widget elementor-widget-heading\" data-id=\"37da91fb\" data-element_type=\"widget\" data-widget_type=\"heading.default\">\n\t\t\t\t<div class=\"elementor-widget-container\">\n\t\t\t\t\t<h3 class=\"elementor-heading-title elementor-size-default\">1\/<\/h3>\t\t\t\t<\/div>\n\t\t\t\t<\/div>\n\t\t\t\t<div class=\"elementor-element elementor-element-69393d1 elementor-widget elementor-widget-text-editor\" data-id=\"69393d1\" data-element_type=\"widget\" data-widget_type=\"text-editor.default\">\n\t\t\t\t<div class=\"elementor-widget-container\">\n\t\t\t\t\t\t\t\t\t<p><strong>Remplissez le formulaire<\/strong> de demande pour une consultation personnalis\u00e9e <strong>GRATUITE<\/strong>, o\u00f9 nous discuterons plus en d\u00e9tail du concept et r\u00e9pondrons \u00e0 vos questions.<\/p>\t\t\t\t\t\t\t\t<\/div>\n\t\t\t\t<\/div>\n\t\t\t\t<div class=\"elementor-element elementor-element-53d278d2 elementor-widget elementor-widget-spacer\" data-id=\"53d278d2\" data-element_type=\"widget\" data-widget_type=\"spacer.default\">\n\t\t\t\t<div class=\"elementor-widget-container\">\n\t\t\t\t\t\t\t<div class=\"elementor-spacer\">\n\t\t\t<div class=\"elementor-spacer-inner\"><\/div>\n\t\t<\/div>\n\t\t\t\t\t\t<\/div>\n\t\t\t\t<\/div>\n\t\t\t\t<div class=\"elementor-element elementor-element-36a6ba62 elementor-widget elementor-widget-heading\" data-id=\"36a6ba62\" data-element_type=\"widget\" data-widget_type=\"heading.default\">\n\t\t\t\t<div class=\"elementor-widget-container\">\n\t\t\t\t\t<h3 class=\"elementor-heading-title elementor-size-default\">2\/<\/h3>\t\t\t\t<\/div>\n\t\t\t\t<\/div>\n\t\t\t\t<div class=\"elementor-element elementor-element-3c895645 elementor-widget elementor-widget-text-editor\" data-id=\"3c895645\" data-element_type=\"widget\" data-widget_type=\"text-editor.default\">\n\t\t\t\t<div class=\"elementor-widget-container\">\n\t\t\t\t\t\t\t\t\t<p>Nous analyserons votre demande et si nous sommes aptes, nous vous enverrons un certain nombre de rendez-vous pour la consultation afin que vous puissiez choisir celui qui vous convient le mieux.<\/p>\t\t\t\t\t\t\t\t<\/div>\n\t\t\t\t<\/div>\n\t\t\t\t<div class=\"elementor-element elementor-element-5935b25e elementor-widget elementor-widget-spacer\" data-id=\"5935b25e\" data-element_type=\"widget\" data-widget_type=\"spacer.default\">\n\t\t\t\t<div class=\"elementor-widget-container\">\n\t\t\t\t\t\t\t<div class=\"elementor-spacer\">\n\t\t\t<div class=\"elementor-spacer-inner\"><\/div>\n\t\t<\/div>\n\t\t\t\t\t\t<\/div>\n\t\t\t\t<\/div>\n\t\t\t\t<div class=\"elementor-element elementor-element-7dbd2c08 elementor-widget elementor-widget-heading\" data-id=\"7dbd2c08\" data-element_type=\"widget\" data-widget_type=\"heading.default\">\n\t\t\t\t<div class=\"elementor-widget-container\">\n\t\t\t\t\t<h3 class=\"elementor-heading-title elementor-size-default\">3\/<\/h3>\t\t\t\t<\/div>\n\t\t\t\t<\/div>\n\t\t\t\t<div class=\"elementor-element elementor-element-46a399c6 elementor-widget elementor-widget-text-editor\" data-id=\"46a399c6\" data-element_type=\"widget\" data-widget_type=\"text-editor.default\">\n\t\t\t\t<div class=\"elementor-widget-container\">\n\t\t\t\t\t\t\t\t\t<p>Pendant la Consultation, nous discuterons avec vous et analyserons la possibilit\u00e9 d&#8217;accompagner votre enfant pour qu&#8217;il apprenne \u00e0 devenir <strong>autonome<\/strong>, \u00e0 \u00eatre un <strong>leader<\/strong> et \u00e0 devenir <strong>financi\u00e8rement ind\u00e9pendant<\/strong> au fil du temps.<\/p>\t\t\t\t\t\t\t\t<\/div>\n\t\t\t\t<\/div>\n\t\t\t\t<div class=\"elementor-element elementor-element-1c98f710 elementor-widget elementor-widget-spacer\" data-id=\"1c98f710\" data-element_type=\"widget\" data-widget_type=\"spacer.default\">\n\t\t\t\t<div class=\"elementor-widget-container\">\n\t\t\t\t\t\t\t<div class=\"elementor-spacer\">\n\t\t\t<div class=\"elementor-spacer-inner\"><\/div>\n\t\t<\/div>\n\t\t\t\t\t\t<\/div>\n\t\t\t\t<\/div>\n\t\t\t\t<div class=\"elementor-element elementor-element-23ed5772 elementor-widget elementor-widget-heading\" data-id=\"23ed5772\" data-element_type=\"widget\" data-widget_type=\"heading.default\">\n\t\t\t\t<div class=\"elementor-widget-container\">\n\t\t\t\t\t<h3 class=\"elementor-heading-title elementor-size-default\">Ensuite, nous pr\u00e9parerons un plan personnalis\u00e9 pour le d\u00e9veloppement du potentiel humain de votre enfant afin de le rendre financi\u00e8rement ind\u00e9pendant  \u00e0 temps au moment de votre retraite.<\/h3>\t\t\t\t<\/div>\n\t\t\t\t<\/div>\n\t\t\t\t<div class=\"elementor-element elementor-element-34ebfa44 elementor-widget elementor-widget-text-editor\" data-id=\"34ebfa44\" data-element_type=\"widget\" data-widget_type=\"text-editor.default\">\n\t\t\t\t<div class=\"elementor-widget-container\">\n\t\t\t\t\t\t\t\t\t<p>Il vous suffit juste de remplir le formulaire ci-dessous:<\/p>\t\t\t\t\t\t\t\t<\/div>\n\t\t\t\t<\/div>\n\t\t\t\t<div class=\"elementor-element elementor-element-ecde0c4 elementor-align-center elementor-widget elementor-widget-button\" data-id=\"ecde0c4\" data-element_type=\"widget\" data-widget_type=\"button.default\">\n\t\t\t\t<div class=\"elementor-widget-container\">\n\t\t\t\t\t\t\t\t\t<div class=\"elementor-button-wrapper\">\n\t\t\t\t\t<a class=\"elementor-button elementor-button-link elementor-size-sm\" href=\"https:\/\/www.hilmandesign.com\/siliconkidys\/index.php\/reservez-appel\/\">\n\t\t\t\t\t\t<span class=\"elementor-button-content-wrapper\">\n\t\t\t\t\t\t\t\t\t<span class=\"elementor-button-text\">Remplissez le Formulaire<\/span>\n\t\t\t\t\t<\/span>\n\t\t\t\t\t<\/a>\n\t\t\t\t<\/div>\n\t\t\t\t\t\t\t\t<\/div>\n\t\t\t\t<\/div>\n\t\t\t\t<div class=\"elementor-element elementor-element-3abbb527 elementor-widget elementor-widget-spacer\" data-id=\"3abbb527\" data-element_type=\"widget\" data-widget_type=\"spacer.default\">\n\t\t\t\t<div class=\"elementor-widget-container\">\n\t\t\t\t\t\t\t<div class=\"elementor-spacer\">\n\t\t\t<div class=\"elementor-spacer-inner\"><\/div>\n\t\t<\/div>\n\t\t\t\t\t\t<\/div>\n\t\t\t\t<\/div>\n\t\t\t\t\t<\/div>\n\t\t<\/div>\n\t\t\t\t\t<\/div>\n\t\t<\/section>\n\t\t\t\t<\/div>\n\t\t","protected":false},"excerpt":{"rendered":"<p>Je veux que mon enfant de 9 \u00e0 17 ans devienne ind\u00e9pendant \u00e0 temps pour qu&#8217;il puisse \u00eatre financi\u00e8rement libre lorsque je serai \u00e0 la retraite. Qu&#8217;allez-vous faire ensuite? 1\/ Remplissez le formulaire de demande pour une consultation personnalis\u00e9e GRATUITE, o\u00f9 nous discuterons plus en d\u00e9tail du concept et r\u00e9pondrons \u00e0 vos questions. 2\/ Nous &#8230; <a title=\"Confirmation de demande\" class=\"read-more\" href=\"https:\/\/www.hilmandesign.com\/siliconkidys\/confirmation-de-demande\/\" aria-label=\"Read more about Confirmation de demande\">Read more<\/a><\/p>\n","protected":false},"author":1,"featured_media":0,"parent":0,"menu_order":0,"comment_status":"closed","ping_status":"closed","template":"elementor_header_footer","meta":{"footnotes":""},"class_list":["post-212","page","type-page","status-publish"],"_links":{"self":[{"href":"https:\/\/www.hilmandesign.com\/siliconkidys\/wp-json\/wp\/v2\/pages\/212","targetHints":{"allow":["GET"]}}],"collection":[{"href":"https:\/\/www.hilmandesign.com\/siliconkidys\/wp-json\/wp\/v2\/pages"}],"about":[{"href":"https:\/\/www.hilmandesign.com\/siliconkidys\/wp-json\/wp\/v2\/types\/page"}],"author":[{"embeddable":true,"href":"https:\/\/www.hilmandesign.com\/siliconkidys\/wp-json\/wp\/v2\/users\/1"}],"replies":[{"embeddable":true,"href":"https:\/\/www.hilmandesign.com\/siliconkidys\/wp-json\/wp\/v2\/comments?post=212"}],"version-history":[{"count":21,"href":"https:\/\/www.hilmandesign.com\/siliconkidys\/wp-json\/wp\/v2\/pages\/212\/revisions"}],"predecessor-version":[{"id":819,"href":"https:\/\/www.hilmandesign.com\/siliconkidys\/wp-json\/wp\/v2\/pages\/212\/revisions\/819"}],"wp:attachment":[{"href":"https:\/\/www.hilmandesign.com\/siliconkidys\/wp-json\/wp\/v2\/media?parent=212"}],"curies":[{"name":"wp","href":"https:\/\/api.w.org\/{rel}","templated":true}]}}