{"id":123,"date":"2019-07-05T14:06:17","date_gmt":"2019-07-05T14:06:17","guid":{"rendered":"https:\/\/silliconkidy.com\/?page_id=123"},"modified":"2019-07-09T08:27:29","modified_gmt":"2019-07-09T08:27:29","slug":"pourquoi-silicon-kidys","status":"publish","type":"page","link":"https:\/\/www.hilmandesign.com\/siliconkidys\/pourquoi-silicon-kidys\/","title":{"rendered":"Pourquoi Silicon Kidys"},"content":{"rendered":"\t\t<div data-elementor-type=\"wp-post\" data-elementor-id=\"123\" class=\"elementor elementor-123\" data-elementor-post-type=\"page\">\n\t\t\t\t\t\t<section class=\"elementor-section elementor-top-section elementor-element elementor-element-a9dc09e elementor-section-full_width elementor-section-height-default elementor-section-height-default\" data-id=\"a9dc09e\" data-element_type=\"section\">\n\t\t\t\t\t\t<div class=\"elementor-container elementor-column-gap-no\">\n\t\t\t\t\t<div class=\"elementor-column elementor-col-100 elementor-top-column elementor-element elementor-element-4cb8b65\" data-id=\"4cb8b65\" data-element_type=\"column\">\n\t\t\t<div class=\"elementor-widget-wrap elementor-element-populated\">\n\t\t\t\t\t\t<div class=\"elementor-element elementor-element-c22ff59 elementor-widget elementor-widget-spacer\" data-id=\"c22ff59\" data-element_type=\"widget\" data-widget_type=\"spacer.default\">\n\t\t\t\t<div class=\"elementor-widget-container\">\n\t\t\t\t\t\t\t<div class=\"elementor-spacer\">\n\t\t\t<div class=\"elementor-spacer-inner\"><\/div>\n\t\t<\/div>\n\t\t\t\t\t\t<\/div>\n\t\t\t\t<\/div>\n\t\t\t\t<div class=\"elementor-element elementor-element-b00a6f6 elementor-widget elementor-widget-heading\" data-id=\"b00a6f6\" data-element_type=\"widget\" data-widget_type=\"heading.default\">\n\t\t\t\t<div class=\"elementor-widget-container\">\n\t\t\t\t\t<h3 class=\"elementor-heading-title elementor-size-default\">Voici pourquoi je vous recommande Silicon Kidys<\/h3>\t\t\t\t<\/div>\n\t\t\t\t<\/div>\n\t\t\t\t<div class=\"elementor-element elementor-element-71c688c elementor-widget elementor-widget-spacer\" data-id=\"71c688c\" data-element_type=\"widget\" data-widget_type=\"spacer.default\">\n\t\t\t\t<div class=\"elementor-widget-container\">\n\t\t\t\t\t\t\t<div class=\"elementor-spacer\">\n\t\t\t<div class=\"elementor-spacer-inner\"><\/div>\n\t\t<\/div>\n\t\t\t\t\t\t<\/div>\n\t\t\t\t<\/div>\n\t\t\t\t<section class=\"elementor-section elementor-inner-section elementor-element elementor-element-f7522fc elementor-section-full_width elementor-section-height-default elementor-section-height-default\" data-id=\"f7522fc\" data-element_type=\"section\">\n\t\t\t\t\t\t<div class=\"elementor-container elementor-column-gap-no\">\n\t\t\t\t\t<div class=\"elementor-column elementor-col-100 elementor-inner-column elementor-element elementor-element-741b80d\" data-id=\"741b80d\" data-element_type=\"column\">\n\t\t\t<div class=\"elementor-widget-wrap elementor-element-populated\">\n\t\t\t\t\t\t<div class=\"elementor-element elementor-element-274f697 elementor-widget elementor-widget-image\" data-id=\"274f697\" data-element_type=\"widget\" data-widget_type=\"image.default\">\n\t\t\t\t<div class=\"elementor-widget-container\">\n\t\t\t\t\t\t\t\t\t\t\t\t\t\t\t<img fetchpriority=\"high\" decoding=\"async\" width=\"1024\" height=\"268\" src=\"https:\/\/www.hilmandesign.com\/siliconkidys\/wp-content\/uploads\/2019\/07\/banner1-1024x268.png\" class=\"attachment-large size-large wp-image-175\" alt=\"\" srcset=\"https:\/\/www.hilmandesign.com\/siliconkidys\/wp-content\/uploads\/2019\/07\/banner1-1024x268.png 1024w, https:\/\/www.hilmandesign.com\/siliconkidys\/wp-content\/uploads\/2019\/07\/banner1-300x78.png 300w, https:\/\/www.hilmandesign.com\/siliconkidys\/wp-content\/uploads\/2019\/07\/banner1-768x201.png 768w, https:\/\/www.hilmandesign.com\/siliconkidys\/wp-content\/uploads\/2019\/07\/banner1-1568x410.png 1568w\" sizes=\"(max-width: 1024px) 100vw, 1024px\" \/>\t\t\t\t\t\t\t\t\t\t\t\t\t\t\t<\/div>\n\t\t\t\t<\/div>\n\t\t\t\t\t<\/div>\n\t\t<\/div>\n\t\t\t\t\t<\/div>\n\t\t<\/section>\n\t\t\t\t<div class=\"elementor-element elementor-element-dc27bbc elementor-widget elementor-widget-spacer\" data-id=\"dc27bbc\" data-element_type=\"widget\" data-widget_type=\"spacer.default\">\n\t\t\t\t<div class=\"elementor-widget-container\">\n\t\t\t\t\t\t\t<div class=\"elementor-spacer\">\n\t\t\t<div class=\"elementor-spacer-inner\"><\/div>\n\t\t<\/div>\n\t\t\t\t\t\t<\/div>\n\t\t\t\t<\/div>\n\t\t\t\t<section class=\"elementor-section elementor-inner-section elementor-element elementor-element-2fba69b elementor-section-boxed elementor-section-height-default elementor-section-height-default\" data-id=\"2fba69b\" data-element_type=\"section\">\n\t\t\t\t\t\t<div class=\"elementor-container elementor-column-gap-default\">\n\t\t\t\t\t<div class=\"elementor-column elementor-col-100 elementor-inner-column elementor-element elementor-element-43ba278\" data-id=\"43ba278\" data-element_type=\"column\">\n\t\t\t<div class=\"elementor-widget-wrap elementor-element-populated\">\n\t\t\t\t\t\t<div class=\"elementor-element elementor-element-8cf0895 elementor-widget elementor-widget-text-editor\" data-id=\"8cf0895\" data-element_type=\"widget\" data-widget_type=\"text-editor.default\">\n\t\t\t\t<div class=\"elementor-widget-container\">\n\t\t\t\t\t\t\t\t\t<ul><li><strong>L\u2019\u00e9ducation dans nos \u00e9coles<\/strong><\/li><\/ul><p style=\"padding-left: 40px;\">Je ne veux pas que vous vous fassiez de fausses id\u00e9es en pensant que je bafoue l&#8217;\u00e9ducation scolaire. Non ! Je pense que ce n&#8217;est pas de la faute de nos \u00e9coles si notre syst\u00e8me \u00e9ducatif a \u00e9t\u00e9 con\u00e7u pour produire des \u201ccandidats aux concours\u201d. Le syst\u00e8me a \u00e9t\u00e9 cr\u00e9\u00e9 pour pr\u00e9parer les enfants \u00e0 devenir fonctionnaires, comme les enseignants, les m\u00e9decins, les comptables, les policiers.<\/p>\t\t\t\t\t\t\t\t<\/div>\n\t\t\t\t<\/div>\n\t\t\t\t<div class=\"elementor-element elementor-element-c5e2718 elementor-widget elementor-widget-text-editor\" data-id=\"c5e2718\" data-element_type=\"widget\" data-widget_type=\"text-editor.default\">\n\t\t\t\t<div class=\"elementor-widget-container\">\n\t\t\t\t\t\t\t\t\t<ul><li><span style=\"font-weight: bolder;\">Le changement de paradigme<\/span><\/li><\/ul><p style=\"padding-left: 40px;\">Le probl\u00e8me a commenc\u00e9 lorsque les changements se sont produits.<br \/>Voyez-vous, la population est pass\u00e9e \u00e0 12 millions d&#8217;habitants, puis \u00e0 18 millions, puis \u00e0 plus de 23 millions aujourd&#8217;hui !<br \/>En 1987, on a suppli\u00e9 mon oncle pour qu\u2019il soit candidat au concours et puisse devenir professeur.<br \/>En 2019, vous payez 3 millions en pots-de-vin pour que votre enfant puisse entrer \u00e0 l&#8217;ENS sans pour autant qu&#8217;il puisse y entrer !<br \/>En 1992, 30 personnes voulaient devenir professeur de physique, en 2019, 3.000 personnes aspirent \u00e0 le devenir. Et le gouvernement ne peut offrir que 30 places !<br \/>\u00c7a vous dit quelque chose ? Permettez-moi de r\u00e9sumer ceci pour vous. Un seul mot :<\/p>\t\t\t\t\t\t\t\t<\/div>\n\t\t\t\t<\/div>\n\t\t\t\t<div class=\"elementor-element elementor-element-b84226c elementor-widget elementor-widget-text-editor\" data-id=\"b84226c\" data-element_type=\"widget\" data-widget_type=\"text-editor.default\">\n\t\t\t\t<div class=\"elementor-widget-container\">\n\t\t\t\t\t\t\t\t\t<ul><li><span style=\"font-weight: bold;\">Le Changement!<\/span><\/li><\/ul><p style=\"padding-left: 40px;\">Les parents font briller vos yeux mais le changement est l\u00e0 et il est l\u00e0 pour rester.<br \/>Je ne sais pas \u00e0 quand remonte l&#8217;\u00e2ge de nos manuels scolaires et de nos \u00e9tudes, mais je pense que je peux dire sans risque que&#8230;<\/p>\t\t\t\t\t\t\t\t<\/div>\n\t\t\t\t<\/div>\n\t\t\t\t<div class=\"elementor-element elementor-element-5081d66 elementor-widget elementor-widget-text-editor\" data-id=\"5081d66\" data-element_type=\"widget\" data-widget_type=\"text-editor.default\">\n\t\t\t\t<div class=\"elementor-widget-container\">\n\t\t\t\t\t\t\t\t\t<ul><li><span style=\"font-weight: bold;\">Le changement est l\u00e0, mais les \u00e9coles ne s\u2019y sont pas conform\u00e9es!<\/span><\/li><\/ul><p style=\"padding-left: 40px;\">Voyez-vous, je ne sais pas \u00e0 quand remonte l&#8217;\u00e2ge de nos manuels scolaires et de nos \u00e9tudes, mais je pense qu&#8217;il est s\u00fbr pour moi de dire que&#8230;<br \/>Rien dans le programme d&#8217;\u00e9tudes n&#8217;a beaucoup chang\u00e9.<br \/>Pouvez-vous imaginer :<\/p><ul><li style=\"list-style-type: none;\"><ul><li>La population a augment\u00e9&#8230;.<\/li><li>L&#8217;\u00e9conomie a chang\u00e9&#8230;.<\/li><li>La technologie a chang\u00e9&#8230;.<\/li><li>L&#8217;\u00e9tat d&#8217;esprit a chang\u00e9&#8230;.<\/li><li>Les emplois ont chang\u00e9<\/li><\/ul><\/li><\/ul><p style=\"padding-left: 40px;\">De nouvelles opportunit\u00e9s sont apparues&#8230;.<\/p><p style=\"padding-left: 40px;\">Mais notre syst\u00e8me \u00e9ducatif camerounais ne semble pas beaucoup changer. Les enseignements sont presque les m\u00eames !<br \/>Pendant ma scolarit\u00e9, aucune entreprise n&#8217;avait de page Facebook, ni de site web&#8230;.<\/p><p style=\"padding-left: 40px;\">Aujourd&#8217;hui, la plupart des entreprises en ont une&#8230;.<\/p><p style=\"padding-left: 40px;\">On pourrait donc penser que lorsque nous r\u00e9digeons le programme de sciences \u00e9conomiques, nous y ajouterons quelque chose comme<\/p><p style=\"padding-left: 40px;\">&#8220;Le marketing via Facebook&#8221;, mais NON !!!!!!!, je r\u00eave !<\/p><p style=\"padding-left: 40px;\">Soit dit en passant, je ne parle pas seulement des \u00e9coles primaires ou secondaires. Cela se produit m\u00eame pour ceux qui \u00e9tudient et obtiennent des dipl\u00f4mes universitaires.<\/p><p style=\"padding-left: 40px;\">Le professeur qui enseigne le &#8221; marketing en entreprise &#8221; n&#8217;a probablement jamais men\u00e9 une campagne marketing public auparavant.<\/p><p style=\"padding-left: 40px;\">Le professeur qui enseigne le &#8220;commerce en ligne&#8221; n&#8217;a probablement jamais cr\u00e9\u00e9 une entreprise en ligne ni vendu des produits avec succ\u00e8s auparavant.<\/p><p style=\"padding-left: 40px;\">Le professeur qui enseigne le &#8220;service \u00e0 la client\u00e8le&#8221; ne s&#8217;assoit probablement jamais au bureau et ne parle jamais aux clients &#8211; il ne sait pas vraiment ce qui se passe dans la r\u00e9alit\u00e9, compar\u00e9 aux th\u00e9ories qu&#8217;il a apprises (probablement par un autre professeur dans le m\u00eame style).<br \/>L&#8217;\u00e9ducation est importante pour les emplois, si vous avez besoin de &#8220;certifications&#8221; ou de comp\u00e9tences techniques.<br \/>Je veux dire, tu ne peux pas \u00eatre m\u00e9decin si tu ne vas pas \u00e0 l&#8217;\u00e9cole de m\u00e9decine. Vous devez acqu\u00e9rir cette &#8220;qualification&#8221;.<br \/>Mais je ne vois pas comment &#8221; la scolarisation &#8221; va aider vos enfants, si votre objectif est de trouver un moyen de leur assurer un avenir financier prosp\u00e8re et de leur donner la cl\u00e9 vers la libert\u00e9 personnelle.<\/p><p style=\"padding-left: 40px;\">Voyez-vous comment nous avons syst\u00e9matiquement construit une tr\u00e8s grande entreprise camerounaise appel\u00e9e &#8220;ChomenCAM&#8221; ?<\/p><p style=\"padding-left: 40px;\">Souhaitez-vous que vos enfants rejoignent cette soci\u00e9t\u00e9 ?<\/p>\t\t\t\t\t\t\t\t<\/div>\n\t\t\t\t<\/div>\n\t\t\t\t<div class=\"elementor-element elementor-element-f82cd18 elementor-widget elementor-widget-spacer\" data-id=\"f82cd18\" data-element_type=\"widget\" data-widget_type=\"spacer.default\">\n\t\t\t\t<div class=\"elementor-widget-container\">\n\t\t\t\t\t\t\t<div class=\"elementor-spacer\">\n\t\t\t<div class=\"elementor-spacer-inner\"><\/div>\n\t\t<\/div>\n\t\t\t\t\t\t<\/div>\n\t\t\t\t<\/div>\n\t\t\t\t<div class=\"elementor-element elementor-element-4706ced elementor-align-center elementor-widget elementor-widget-button\" data-id=\"4706ced\" data-element_type=\"widget\" data-widget_type=\"button.default\">\n\t\t\t\t<div class=\"elementor-widget-container\">\n\t\t\t\t\t\t\t\t\t<div class=\"elementor-button-wrapper\">\n\t\t\t\t\t<a class=\"elementor-button elementor-button-link elementor-size-sm\" href=\"https:\/\/www.hilmandesign.com\/siliconkidys\/index.php\/confirmation-de-demande\/\">\n\t\t\t\t\t\t<span class=\"elementor-button-content-wrapper\">\n\t\t\t\t\t\t\t\t\t<span class=\"elementor-button-text\">Non, je veux que mon enfant appartienne \u00e0 une autre soci\u00e9t\u00e9<\/span>\n\t\t\t\t\t<\/span>\n\t\t\t\t\t<\/a>\n\t\t\t\t<\/div>\n\t\t\t\t\t\t\t\t<\/div>\n\t\t\t\t<\/div>\n\t\t\t\t<div class=\"elementor-element elementor-element-40ee28e elementor-widget elementor-widget-spacer\" data-id=\"40ee28e\" data-element_type=\"widget\" data-widget_type=\"spacer.default\">\n\t\t\t\t<div class=\"elementor-widget-container\">\n\t\t\t\t\t\t\t<div class=\"elementor-spacer\">\n\t\t\t<div class=\"elementor-spacer-inner\"><\/div>\n\t\t<\/div>\n\t\t\t\t\t\t<\/div>\n\t\t\t\t<\/div>\n\t\t\t\t<div class=\"elementor-element elementor-element-1906443 elementor-widget elementor-widget-text-editor\" data-id=\"1906443\" data-element_type=\"widget\" data-widget_type=\"text-editor.default\">\n\t\t\t\t<div class=\"elementor-widget-container\">\n\t\t\t\t\t\t\t\t\t<ul><li><span style=\"font-weight: bold;\">Alors, que faut-il donc faire ?<\/span><\/li><\/ul><p style=\"padding-left: 40px;\">J&#8217;ai cru que vous ne me le demanderiez jamais !<\/p><p style=\"padding-left: 40px;\">Le monde accorde la priorit\u00e9 au talent, \u00e0 Ia motivation et aux d\u00e9fis.<\/p><p style=\"padding-left: 40px;\">Juste pour que vous sachiez, en fin de compte, les entreprises mondiales vont privil\u00e9gier les personnes ax\u00e9es sur les r\u00e9sultats ou exp\u00e9riment\u00e9es pour faire le travail.<\/p><p style=\"padding-left: 40px;\">De plus, il est maintenant possible d&#8217;\u00eatre \u00e0 New Bell et de travailler \u00e0 New York.<\/p><p style=\"padding-left: 40px;\">Il n&#8217;y a pas de diff\u00e9rence entre un enfant n\u00e9 \u00e0 Santa et un enfant n\u00e9 \u00e0 San Francisco.<\/p><p style=\"padding-left: 40px;\">Regardez le Dr Stanley l&#8217;expliquer plus en d\u00e9tail dans cette vid\u00e9o.<\/p><p style=\"padding-left: 40px;\">Avez-vous vu cela?<\/p><p style=\"padding-left: 40px;\">Ce que votre enfant a besoin d&#8217;apprendre, c&#8217;est :<\/p><ol><li style=\"list-style-type: none;\"><ol><li>d&#8217;avoir la bonne attitude et le bon \u00e9tat d&#8217;esprit (Cela ne semble pas faire partie du programme).<\/li><li>d&#8217;\u00e9laborer des plans brillants et savoir comment les ex\u00e9cuter<\/li><li>d&#8217;avoir des comp\u00e9tences en relations publiques, en ventes et en marketing afin de pouvoir communiquer avec les entrepreneurs.<\/li><li>de poss\u00e9der des comp\u00e9tences techniques comme la programmation, le design web, etc.<\/li><\/ol><\/li><\/ol><p style=\"padding-left: 40px;\">Peut-\u00eatre ne vous inqui\u00e9tez-vous pas pour vous-m\u00eame, puisque vous \u00eates &#8220;bien&#8221;.\u00a0Mais qu&#8217;en est-il de vos enfants ?<\/p><p style=\"padding-left: 40px;\">Il est illusoire de penser que l&#8217;avenir de vos enfants sera meilleur si vous les envoyez aujourd&#8217;hui dans des \u00e9coles prestigieuses. Je ne dis pas qu&#8217;il ne le sera pas, je dis simplement qu&#8217;il n&#8217;y a aucune garantie \u00e0 cela et que la garantie va en s&#8217;amincissant aujourd&#8217;hui.<\/p><p style=\"padding-left: 40px;\">Le bon vieux plan du bon vieux temps \u00e9tait le suivant : envoyer vos enfants dans une \u00e9cole de qualit\u00e9 et d\u00e9penser des centaines de milliers de dollars pour qu&#8217;ils aient un travail formidable qui leur rapportera un paquet d&#8217;argent quand ils auront fini leurs \u00e9tudes.<\/p><p style=\"padding-left: 40px;\">Je ne plaisante pas, certains parents croient encore que ce plan fonctionne.<\/p><p style=\"padding-left: 40px;\">Certains pensent que le fait d&#8217;envoyer leurs enfants en Europe est la solution. Eh bien, demandez aux parents qui ont envoy\u00e9 leurs enfants l\u00e0-bas&#8230;..<\/p>\t\t\t\t\t\t\t\t<\/div>\n\t\t\t\t<\/div>\n\t\t\t\t<div class=\"elementor-element elementor-element-84047d1 elementor-widget elementor-widget-text-editor\" data-id=\"84047d1\" data-element_type=\"widget\" data-widget_type=\"text-editor.default\">\n\t\t\t\t<div class=\"elementor-widget-container\">\n\t\t\t\t\t\t\t\t\t<ul><li><span style=\"font-weight: bold;\">Mais pourquoi \u00e7a ne marche plus aussi bien qu&#8217;il le faudrait ?<\/span><\/li><\/ul><p style=\"padding-left: 40px;\">Premi\u00e8rement, les programmes \u00e9ducatifs risquent de ne pas les pr\u00e9parer au &#8220;monde r\u00e9el&#8221;. Nous le savons tous.<\/p><p style=\"padding-left: 40px;\">Deuxi\u00e8mement, la concurrence s&#8217;intensifiera ou changera dans les temps \u00e0 venir (\u00e0 nouveau).<\/p><p style=\"padding-left: 40px;\">Troisi\u00e8mement, gr\u00e2ce \u00e0 la technologie, on ne peut vraiment pas pr\u00e9dire ce que sera un travail dans dix ans. En comparaison avec les ann\u00e9es ant\u00e9rieures, les choses ne sont plus fortuites parce que la technologie n&#8217;\u00e9tait pas encore si avanc\u00e9e.<\/p><p style=\"padding-left: 40px;\">En fin de compte, je pense toujours que la scolarisation est importante et j&#8217;envoie mes enfants \u00e0 l&#8217;\u00e9cole et je fais de mon mieux pour leur donner la meilleure \u00e9ducation possible.<\/p><p style=\"padding-left: 40px;\">Mais ce n&#8217;est pas dans le but d&#8217;atteindre la libert\u00e9 personnelle ou de leur assurer une bonne r\u00e9mun\u00e9ration financi\u00e8re.<\/p><p style=\"padding-left: 40px;\">C&#8217;est principalement pour l&#8217;exp\u00e9rience et la connaissance. Quelque chose qui les accompagnera toute leur vie.<\/p><p style=\"padding-left: 40px;\">Si vous voulez \u00e9liminer tout souci financier pour vos enfants, je vous sugg\u00e8re de trouver un\u00a0<span style=\"font-weight: bold;\">suppl\u00e9ment<\/span>\u00a0le plus t\u00f4t possible. C&#8217;est la seule chose que vous pouvez faire !<\/p><p style=\"padding-left: 40px;\">Et j&#8217;ai un conseil pour vous&#8230;.<\/p><p style=\"padding-left: 40px;\">Votre fils joue d\u00e9j\u00e0 avec un smartphone&#8230;.<br \/>Votre fille sait d\u00e9j\u00e0 naviguer sur les sites web cool&#8230;.<\/p><p style=\"padding-left: 40px;\">Chez SiliconKidys, nous aidons \u00e0 transformer les enfants\u00a0d&#8217;utilisateurs passifs des technologies en\u00a0inventeurs passionn\u00e9s\u00a0et les pr\u00e9parons \u00e0 devenir de\u00a0futurs innovateurs\u00a0et\u00a0entrepreneurs.<\/p><p style=\"padding-left: 40px;\">Nous avons vu les lacunes du syst\u00e8me \u00e9ducatif et avons d\u00e9cid\u00e9 de jouer un r\u00f4le actif pour les combler.<\/p><p style=\"padding-left: 40px;\">Nous ne cherchons pas \u00e0 faire dispara\u00eetre les \u00e9coles, nous cherchons \u00e0 compl\u00e9ter le travail remarquable que font d\u00e9j\u00e0 celles-ci.<\/p><p style=\"padding-left: 40px;\">Les \u00e9coles leur apprennent \u00e0 faire des \u00e9tudes, nous leur apprenons \u00e0 gagner de l&#8217;argent, beaucoup d&#8217;argent !<\/p>\t\t\t\t\t\t\t\t<\/div>\n\t\t\t\t<\/div>\n\t\t\t\t<div class=\"elementor-element elementor-element-f7f5fa6 elementor-widget elementor-widget-spacer\" data-id=\"f7f5fa6\" data-element_type=\"widget\" data-widget_type=\"spacer.default\">\n\t\t\t\t<div class=\"elementor-widget-container\">\n\t\t\t\t\t\t\t<div class=\"elementor-spacer\">\n\t\t\t<div class=\"elementor-spacer-inner\"><\/div>\n\t\t<\/div>\n\t\t\t\t\t\t<\/div>\n\t\t\t\t<\/div>\n\t\t\t\t<div class=\"elementor-element elementor-element-c841acb elementor-align-center elementor-widget elementor-widget-button\" data-id=\"c841acb\" data-element_type=\"widget\" data-widget_type=\"button.default\">\n\t\t\t\t<div class=\"elementor-widget-container\">\n\t\t\t\t\t\t\t\t\t<div class=\"elementor-button-wrapper\">\n\t\t\t\t\t<a class=\"elementor-button elementor-button-link elementor-size-sm\" href=\"https:\/\/www.hilmandesign.com\/siliconkidys\/index.php\/confirmation-de-demande\/\">\n\t\t\t\t\t\t<span class=\"elementor-button-content-wrapper\">\n\t\t\t\t\t\t\t\t\t<span class=\"elementor-button-text\">D\u00e9couvrez comment nous faisons<\/span>\n\t\t\t\t\t<\/span>\n\t\t\t\t\t<\/a>\n\t\t\t\t<\/div>\n\t\t\t\t\t\t\t\t<\/div>\n\t\t\t\t<\/div>\n\t\t\t\t<div class=\"elementor-element elementor-element-8dc0905 elementor-widget elementor-widget-spacer\" data-id=\"8dc0905\" data-element_type=\"widget\" data-widget_type=\"spacer.default\">\n\t\t\t\t<div class=\"elementor-widget-container\">\n\t\t\t\t\t\t\t<div class=\"elementor-spacer\">\n\t\t\t<div class=\"elementor-spacer-inner\"><\/div>\n\t\t<\/div>\n\t\t\t\t\t\t<\/div>\n\t\t\t\t<\/div>\n\t\t\t\t\t<\/div>\n\t\t<\/div>\n\t\t\t\t\t<\/div>\n\t\t<\/section>\n\t\t\t\t<div class=\"elementor-element elementor-element-15b04ab elementor-widget elementor-widget-spacer\" data-id=\"15b04ab\" data-element_type=\"widget\" data-widget_type=\"spacer.default\">\n\t\t\t\t<div class=\"elementor-widget-container\">\n\t\t\t\t\t\t\t<div class=\"elementor-spacer\">\n\t\t\t<div class=\"elementor-spacer-inner\"><\/div>\n\t\t<\/div>\n\t\t\t\t\t\t<\/div>\n\t\t\t\t<\/div>\n\t\t\t\t\t<\/div>\n\t\t<\/div>\n\t\t\t\t\t<\/div>\n\t\t<\/section>\n\t\t\t\t<\/div>\n\t\t","protected":false},"excerpt":{"rendered":"<p>Voici pourquoi je vous recommande Silicon Kidys L\u2019\u00e9ducation dans nos \u00e9coles Je ne veux pas que vous vous fassiez de fausses id\u00e9es en pensant que je bafoue l&#8217;\u00e9ducation scolaire. Non ! Je pense que ce n&#8217;est pas de la faute de nos \u00e9coles si notre syst\u00e8me \u00e9ducatif a \u00e9t\u00e9 con\u00e7u pour produire des \u201ccandidats aux &#8230; <a title=\"Pourquoi Silicon Kidys\" class=\"read-more\" href=\"https:\/\/www.hilmandesign.com\/siliconkidys\/pourquoi-silicon-kidys\/\" aria-label=\"Read more about Pourquoi Silicon Kidys\">Read more<\/a><\/p>\n","protected":false},"author":1,"featured_media":0,"parent":0,"menu_order":0,"comment_status":"closed","ping_status":"closed","template":"elementor_header_footer","meta":{"footnotes":""},"class_list":["post-123","page","type-page","status-publish"],"_links":{"self":[{"href":"https:\/\/www.hilmandesign.com\/siliconkidys\/wp-json\/wp\/v2\/pages\/123","targetHints":{"allow":["GET"]}}],"collection":[{"href":"https:\/\/www.hilmandesign.com\/siliconkidys\/wp-json\/wp\/v2\/pages"}],"about":[{"href":"https:\/\/www.hilmandesign.com\/siliconkidys\/wp-json\/wp\/v2\/types\/page"}],"author":[{"embeddable":true,"href":"https:\/\/www.hilmandesign.com\/siliconkidys\/wp-json\/wp\/v2\/users\/1"}],"replies":[{"embeddable":true,"href":"https:\/\/www.hilmandesign.com\/siliconkidys\/wp-json\/wp\/v2\/comments?post=123"}],"version-history":[{"count":45,"href":"https:\/\/www.hilmandesign.com\/siliconkidys\/wp-json\/wp\/v2\/pages\/123\/revisions"}],"predecessor-version":[{"id":564,"href":"https:\/\/www.hilmandesign.com\/siliconkidys\/wp-json\/wp\/v2\/pages\/123\/revisions\/564"}],"wp:attachment":[{"href":"https:\/\/www.hilmandesign.com\/siliconkidys\/wp-json\/wp\/v2\/media?parent=123"}],"curies":[{"name":"wp","href":"https:\/\/api.w.org\/{rel}","templated":true}]}}